{"id":170,"date":"2026-02-22T21:56:53","date_gmt":"2026-02-22T21:56:53","guid":{"rendered":""},"modified":"2026-02-22T22:32:28","modified_gmt":"2026-02-22T22:32:28","slug":"mehrfamilienhaus","status":"publish","type":"page","link":"https:\/\/rieser-aufzugbau.de\/index.php\/aufzuege\/mehrfamilienhaus\/","title":{"rendered":"Mehrfamilienhaus bis Hochhaus"},"content":{"rendered":"<p>[et_pb_section fb_built=&#8220;1&#8243; admin_label=&#8220;Page Hero&#8220; _builder_version=&#8220;4.16&#8243; background_color=&#8220;#1A1D24&#8243; custom_padding=&#8220;60px||60px||true|false&#8220; global_colors_info=&#8220;{}&#8220;][et_pb_row _builder_version=&#8220;4.16&#8243; _module_preset=&#8220;default&#8220; global_colors_info=&#8220;{}&#8220;][et_pb_column type=&#8220;4_4&#8243; _builder_version=&#8220;4.16&#8243; _module_preset=&#8220;default&#8220; global_colors_info=&#8220;{}&#8220;][et_pb_text _builder_version=&#8220;4.16&#8243; header_font=&#8220;Oswald|700|||||||&#8220; header_text_color=&#8220;#FFFFFF&#8220; header_font_size=&#8220;48px&#8220; text_orientation=&#8220;center&#8220; global_colors_info=&#8220;{}&#8220;]<\/p>\n<h1 style=\"color: #FFFFFF;\">Mehrfamilienhaus bis Hochhaus<\/h1>\n<p>[\/et_pb_text][\/et_pb_column][\/et_pb_row][\/et_pb_section]<\/p>\n<p>[et_pb_section fb_built=&#8220;1&#8243; _builder_version=&#8220;4.16&#8243; background_color=&#8220;#1A1D24&#8243; custom_padding=&#8220;60px||60px||true|false&#8220; global_colors_info=&#8220;{}&#8220;][et_pb_row _builder_version=&#8220;4.16&#8243; _module_preset=&#8220;default&#8220; global_colors_info=&#8220;{}&#8220;][et_pb_column type=&#8220;4_4&#8243; _builder_version=&#8220;4.16&#8243; _module_preset=&#8220;default&#8220; global_colors_info=&#8220;{}&#8220;][et_pb_image src=&#8220;https:\/\/rieser-aufzugbau.de\/wp-content\/uploads\/2026\/02\/elevator-modern-2.png&#8220; align=&#8220;center&#8220; _builder_version=&#8220;4.16&#8243; border_radii=&#8220;on|14px|14px|14px|14px&#8220; width=&#8220;80%&#8220; max_width=&#8220;900px&#8220; global_colors_info=&#8220;{}&#8220;][\/et_pb_image][\/et_pb_column][\/et_pb_row][\/et_pb_section]<\/p>\n<p>[et_pb_section fb_built=&#8220;1&#8243; _builder_version=&#8220;4.16&#8243; background_color=&#8220;#0F1115&#8243; custom_padding=&#8220;80px||80px||true|false&#8220; global_colors_info=&#8220;{}&#8220;][et_pb_row _builder_version=&#8220;4.16&#8243; _module_preset=&#8220;default&#8220; max_width=&#8220;900px&#8220; global_colors_info=&#8220;{}&#8220;][et_pb_column type=&#8220;4_4&#8243; _builder_version=&#8220;4.16&#8243; _module_preset=&#8220;default&#8220; global_colors_info=&#8220;{}&#8220;][et_pb_text _builder_version=&#8220;4.16&#8243; text_font=&#8220;Inter||||||||&#8220; text_text_color=&#8220;#CCCCCC&#8220; text_font_size=&#8220;16px&#8220; text_line_height=&#8220;1.8em&#8220; header_text_color=&#8220;#FFFFFF&#8220; global_colors_info=&#8220;{}&#8220;]<\/p>\n<h2>Wohnkomfort und Barrierefreiheit<\/h2>\n<p>Ein Muss f\u00fcr Wohnkomfort und Barrierefreiheit \u2013 besonders in Geb\u00e4uden mit mehreren Etagen.<\/p>\n<h3 style=\"color: #FFFFFF;\">Geeignete Aufzugarten<\/h3>\n<ul>\n<li><strong>Homelift (Maschinenrichtlinie):<\/strong> Ideal f\u00fcr Wohnh\u00e4user mit einer geringen Anzahl an Wohnparteien \u2013 kompakt, platzsparend, kosteng\u00fcnstig<\/li>\n<li><strong>EN-Aufzug (EN 81-20):<\/strong> Standard f\u00fcr Personenaufz\u00fcge in Wohngeb\u00e4uden \u2013 f\u00fcr Wohnh\u00e4user mit hoher Anzahl an Wohnparteien<\/li>\n<\/ul>\n<h3 style=\"color: #FFFFFF;\">Unterschiede &#038; Vor-\/Nachteile<\/h3>\n<p><strong>Homelift:<\/strong><\/p>\n<ul>\n<li>\u2713 Platzsparend<\/li>\n<li>\u2713 G\u00fcnstiger<\/li>\n<li>\u2713 Wartungsarm<\/li>\n<li>\u2212 Geringere Geschwindigkeit<\/li>\n<\/ul>\n<p><strong>EN-Aufzug:<\/strong><\/p>\n<ul>\n<li>\u2713 Hohe Sicherheit<\/li>\n<li>\u2713 Hohe Geschwindigkeit<\/li>\n<li>\u2212 Platzraubend<\/li>\n<\/ul>\n<h3 style=\"color: #FFFFFF;\">Unsere L\u00f6sung<\/h3>\n<p>Unsere L\u00f6sungen f\u00fcr Mehrfamilienh\u00e4user bieten maximale Sicherheit, Komfort und Effizienz \u2013 perfekt abgestimmt auf Ihre Anforderungen.<\/p>\n<p>[\/et_pb_text][\/et_pb_column][\/et_pb_row][\/et_pb_section][et_pb_section fb_built=&#8220;1&#8243; admin_label=&#8220;CTA&#8220; _builder_version=&#8220;4.16&#8243; background_color=&#8220;#1A1D24&#8243; custom_padding=&#8220;60px||60px||true|false&#8220; global_colors_info=&#8220;{}&#8220;][et_pb_row _builder_version=&#8220;4.16&#8243; _module_preset=&#8220;default&#8220; global_colors_info=&#8220;{}&#8220;][et_pb_column type=&#8220;4_4&#8243; _builder_version=&#8220;4.16&#8243; _module_preset=&#8220;default&#8220; global_colors_info=&#8220;{}&#8220;][et_pb_text _builder_version=&#8220;4.16&#8243; text_font=&#8220;Inter||||||||&#8220; text_text_color=&#8220;#FFFFFF&#8220; text_font_size=&#8220;28px&#8220; text_orientation=&#8220;center&#8220; custom_margin=&#8220;||20px||false|false&#8220; global_colors_info=&#8220;{}&#8220;]<\/p>\n<p>Haben Sie Fragen? Wir beraten Sie gerne!<\/p>\n<p>[\/et_pb_text][et_pb_button button_url=&#8220;\/kontakt\/&#8220; button_text=&#8220;Kontakt aufnehmen&#8220; button_alignment=&#8220;center&#8220; _builder_version=&#8220;4.16&#8243; custom_button=&#8220;on&#8220; button_text_size=&#8220;16px&#8220; button_text_color=&#8220;#FFFFFF&#8220; button_bg_color=&#8220;#007BFC&#8220; button_border_width=&#8220;0px&#8220; button_border_radius=&#8220;6px&#8220; button_font=&#8220;Inter|600|||||||&#8220; button_use_icon=&#8220;off&#8220; custom_padding=&#8220;14px|32px|14px|32px|true|true&#8220; global_colors_info=&#8220;{}&#8220;][\/et_pb_button][\/et_pb_column][\/et_pb_row][\/et_pb_section]<\/p>\n","protected":false},"excerpt":{"rendered":"<p>Mehrfamilienhaus bis Hochhaus Wohnkomfort und Barrierefreiheit Ein Muss f\u00fcr Wohnkomfort und Barrierefreiheit \u2013 besonders in Geb\u00e4uden mit mehreren Etagen. Geeignete Aufzugarten Homelift (Maschinenrichtlinie): Ideal f\u00fcr Wohnh\u00e4user mit einer geringen Anzahl an Wohnparteien \u2013 kompakt, platzsparend, kosteng\u00fcnstig EN-Aufzug (EN 81-20): Standard f\u00fcr Personenaufz\u00fcge in Wohngeb\u00e4uden \u2013 f\u00fcr Wohnh\u00e4user mit hoher Anzahl an Wohnparteien Unterschiede &#038; Vor-\/Nachteile [&hellip;]<\/p>\n","protected":false},"author":1,"featured_media":0,"parent":260,"menu_order":0,"comment_status":"closed","ping_status":"closed","template":"","meta":{"_et_pb_use_builder":"on","_et_pb_old_content":"","_et_gb_content_width":"","footnotes":""},"class_list":["post-170","page","type-page","status-publish","hentry"],"_links":{"self":[{"href":"https:\/\/rieser-aufzugbau.de\/index.php\/wp-json\/wp\/v2\/pages\/170","targetHints":{"allow":["GET"]}}],"collection":[{"href":"https:\/\/rieser-aufzugbau.de\/index.php\/wp-json\/wp\/v2\/pages"}],"about":[{"href":"https:\/\/rieser-aufzugbau.de\/index.php\/wp-json\/wp\/v2\/types\/page"}],"author":[{"embeddable":true,"href":"https:\/\/rieser-aufzugbau.de\/index.php\/wp-json\/wp\/v2\/users\/1"}],"replies":[{"embeddable":true,"href":"https:\/\/rieser-aufzugbau.de\/index.php\/wp-json\/wp\/v2\/comments?post=170"}],"version-history":[{"count":0,"href":"https:\/\/rieser-aufzugbau.de\/index.php\/wp-json\/wp\/v2\/pages\/170\/revisions"}],"up":[{"embeddable":true,"href":"https:\/\/rieser-aufzugbau.de\/index.php\/wp-json\/wp\/v2\/pages\/260"}],"wp:attachment":[{"href":"https:\/\/rieser-aufzugbau.de\/index.php\/wp-json\/wp\/v2\/media?parent=170"}],"curies":[{"name":"wp","href":"https:\/\/api.w.org\/{rel}","templated":true}]}}