{"id":173,"date":"2026-02-22T21:56:53","date_gmt":"2026-02-22T21:56:53","guid":{"rendered":""},"modified":"2026-02-22T22:32:28","modified_gmt":"2026-02-22T22:32:28","slug":"modernisierung","status":"publish","type":"page","link":"https:\/\/rieser-aufzugbau.de\/index.php\/aufzuege\/modernisierung\/","title":{"rendered":"Modernisierung"},"content":{"rendered":"<p>[et_pb_section fb_built=&#8220;1&#8243; admin_label=&#8220;Page Hero&#8220; _builder_version=&#8220;4.16&#8243; background_color=&#8220;#1A1D24&#8243; custom_padding=&#8220;60px||60px||true|false&#8220; global_colors_info=&#8220;{}&#8220;][et_pb_row _builder_version=&#8220;4.16&#8243; _module_preset=&#8220;default&#8220; global_colors_info=&#8220;{}&#8220;][et_pb_column type=&#8220;4_4&#8243; _builder_version=&#8220;4.16&#8243; _module_preset=&#8220;default&#8220; global_colors_info=&#8220;{}&#8220;][et_pb_text _builder_version=&#8220;4.16&#8243; header_font=&#8220;Oswald|700|||||||&#8220; header_text_color=&#8220;#FFFFFF&#8220; header_font_size=&#8220;48px&#8220; text_orientation=&#8220;center&#8220; global_colors_info=&#8220;{}&#8220;]<\/p>\n<h1 style=\"color: #FFFFFF;\">Modernisierung<\/h1>\n<p>[\/et_pb_text][\/et_pb_column][\/et_pb_row][\/et_pb_section]<\/p>\n<p>[et_pb_section fb_built=&#8220;1&#8243; _builder_version=&#8220;4.16&#8243; background_color=&#8220;#1A1D24&#8243; custom_padding=&#8220;60px||60px||true|false&#8220; global_colors_info=&#8220;{}&#8220;][et_pb_row _builder_version=&#8220;4.16&#8243; _module_preset=&#8220;default&#8220; global_colors_info=&#8220;{}&#8220;][et_pb_column type=&#8220;4_4&#8243; _builder_version=&#8220;4.16&#8243; _module_preset=&#8220;default&#8220; global_colors_info=&#8220;{}&#8220;][et_pb_image src=&#8220;https:\/\/rieser-aufzugbau.de\/wp-content\/uploads\/2026\/02\/elevator-installation.png&#8220; align=&#8220;center&#8220; _builder_version=&#8220;4.16&#8243; border_radii=&#8220;on|14px|14px|14px|14px&#8220; width=&#8220;80%&#8220; max_width=&#8220;900px&#8220; global_colors_info=&#8220;{}&#8220;][\/et_pb_image][\/et_pb_column][\/et_pb_row][\/et_pb_section]<\/p>\n<p>[et_pb_section fb_built=&#8220;1&#8243; _builder_version=&#8220;4.16&#8243; background_color=&#8220;#0F1115&#8243; custom_padding=&#8220;80px||80px||true|false&#8220; global_colors_info=&#8220;{}&#8220;][et_pb_row _builder_version=&#8220;4.16&#8243; _module_preset=&#8220;default&#8220; max_width=&#8220;900px&#8220; global_colors_info=&#8220;{}&#8220;][et_pb_column type=&#8220;4_4&#8243; _builder_version=&#8220;4.16&#8243; _module_preset=&#8220;default&#8220; global_colors_info=&#8220;{}&#8220;][et_pb_text _builder_version=&#8220;4.16&#8243; text_font=&#8220;Inter||||||||&#8220; text_text_color=&#8220;#CCCCCC&#8220; text_font_size=&#8220;16px&#8220; text_line_height=&#8220;1.8em&#8220; header_text_color=&#8220;#FFFFFF&#8220; global_colors_info=&#8220;{}&#8220;]<\/p>\n<h2>Modernisierung von Aufzuganlagen \u2013 individuell und zustandsorientiert<\/h2>\n<p>Ihre Aufzugsanlage ist nicht mehr auf dem neuesten Stand? Wir modernisieren alle Aufzugtypen \u2013 unabh\u00e4ngig vom Hersteller.<\/p>\n<h3 style=\"color: #FFFFFF;\">Unser Ansatz<\/h3>\n<p>Wir pr\u00fcfen den tats\u00e4chlichen Zustand Ihrer Anlage und modernisieren nur das, was wirklich notwendig ist. So sparen Sie Kosten und profitieren von mehr Sicherheit, Komfort und Energieeffizienz.<\/p>\n<h3 style=\"color: #FFFFFF;\">Warum Modernisierung?<\/h3>\n<ul>\n<li>Erh\u00f6hung der Sicherheit<\/li>\n<li>Verbesserung des Komforts<\/li>\n<li>Energieeffizienz steigern<\/li>\n<li>Anpassung an aktuelle Normen<\/li>\n<\/ul>\n<h3 style=\"color: #FFFFFF;\">Unsere Vorgehensweise<\/h3>\n<ul>\n<li><strong>Individuell:<\/strong> Jede Modernisierung wird auf Ihre Bed\u00fcrfnisse zugeschnitten<\/li>\n<li><strong>Zustandsorientiert:<\/strong> Wir pr\u00fcfen, welche Komponenten wirklich ersetzt werden m\u00fcssen \u2013 f\u00fcr maximale Wirtschaftlichkeit<\/li>\n<\/ul>\n<h3 style=\"color: #FFFFFF;\">Was wir modernisieren<\/h3>\n<ul>\n<li>Steuerungen<\/li>\n<li>Antriebe<\/li>\n<li>Kabinen &#038; T\u00fcren<\/li>\n<li>Sicherheitstechnik<\/li>\n<li>Notrufsysteme<\/li>\n<\/ul>\n<p>[\/et_pb_text][\/et_pb_column][\/et_pb_row][\/et_pb_section][et_pb_section fb_built=&#8220;1&#8243; admin_label=&#8220;CTA&#8220; _builder_version=&#8220;4.16&#8243; background_color=&#8220;#1A1D24&#8243; custom_padding=&#8220;60px||60px||true|false&#8220; global_colors_info=&#8220;{}&#8220;][et_pb_row _builder_version=&#8220;4.16&#8243; _module_preset=&#8220;default&#8220; global_colors_info=&#8220;{}&#8220;][et_pb_column type=&#8220;4_4&#8243; _builder_version=&#8220;4.16&#8243; _module_preset=&#8220;default&#8220; global_colors_info=&#8220;{}&#8220;][et_pb_text _builder_version=&#8220;4.16&#8243; text_font=&#8220;Inter||||||||&#8220; text_text_color=&#8220;#FFFFFF&#8220; text_font_size=&#8220;28px&#8220; text_orientation=&#8220;center&#8220; custom_margin=&#8220;||20px||false|false&#8220; global_colors_info=&#8220;{}&#8220;]<\/p>\n<p>Haben Sie Fragen? Wir beraten Sie gerne!<\/p>\n<p>[\/et_pb_text][et_pb_button button_url=&#8220;\/kontakt\/&#8220; button_text=&#8220;Kontakt aufnehmen&#8220; button_alignment=&#8220;center&#8220; _builder_version=&#8220;4.16&#8243; custom_button=&#8220;on&#8220; button_text_size=&#8220;16px&#8220; button_text_color=&#8220;#FFFFFF&#8220; button_bg_color=&#8220;#007BFC&#8220; button_border_width=&#8220;0px&#8220; button_border_radius=&#8220;6px&#8220; button_font=&#8220;Inter|600|||||||&#8220; button_use_icon=&#8220;off&#8220; custom_padding=&#8220;14px|32px|14px|32px|true|true&#8220; global_colors_info=&#8220;{}&#8220;][\/et_pb_button][\/et_pb_column][\/et_pb_row][\/et_pb_section]<\/p>\n","protected":false},"excerpt":{"rendered":"<p>Modernisierung Modernisierung von Aufzuganlagen \u2013 individuell und zustandsorientiert Ihre Aufzugsanlage ist nicht mehr auf dem neuesten Stand? Wir modernisieren alle Aufzugtypen \u2013 unabh\u00e4ngig vom Hersteller. Unser Ansatz Wir pr\u00fcfen den tats\u00e4chlichen Zustand Ihrer Anlage und modernisieren nur das, was wirklich notwendig ist. So sparen Sie Kosten und profitieren von mehr Sicherheit, Komfort und Energieeffizienz. Warum [&hellip;]<\/p>\n","protected":false},"author":1,"featured_media":0,"parent":260,"menu_order":0,"comment_status":"closed","ping_status":"closed","template":"","meta":{"_et_pb_use_builder":"on","_et_pb_old_content":"","_et_gb_content_width":"","footnotes":""},"class_list":["post-173","page","type-page","status-publish","hentry"],"_links":{"self":[{"href":"https:\/\/rieser-aufzugbau.de\/index.php\/wp-json\/wp\/v2\/pages\/173","targetHints":{"allow":["GET"]}}],"collection":[{"href":"https:\/\/rieser-aufzugbau.de\/index.php\/wp-json\/wp\/v2\/pages"}],"about":[{"href":"https:\/\/rieser-aufzugbau.de\/index.php\/wp-json\/wp\/v2\/types\/page"}],"author":[{"embeddable":true,"href":"https:\/\/rieser-aufzugbau.de\/index.php\/wp-json\/wp\/v2\/users\/1"}],"replies":[{"embeddable":true,"href":"https:\/\/rieser-aufzugbau.de\/index.php\/wp-json\/wp\/v2\/comments?post=173"}],"version-history":[{"count":0,"href":"https:\/\/rieser-aufzugbau.de\/index.php\/wp-json\/wp\/v2\/pages\/173\/revisions"}],"up":[{"embeddable":true,"href":"https:\/\/rieser-aufzugbau.de\/index.php\/wp-json\/wp\/v2\/pages\/260"}],"wp:attachment":[{"href":"https:\/\/rieser-aufzugbau.de\/index.php\/wp-json\/wp\/v2\/media?parent=173"}],"curies":[{"name":"wp","href":"https:\/\/api.w.org\/{rel}","templated":true}]}}