{"id":174,"date":"2026-02-22T21:56:53","date_gmt":"2026-02-22T21:56:53","guid":{"rendered":""},"modified":"2026-02-22T22:32:28","modified_gmt":"2026-02-22T22:32:28","slug":"wartung","status":"publish","type":"page","link":"https:\/\/rieser-aufzugbau.de\/index.php\/service\/wartung\/","title":{"rendered":"Wartung &#038; Instandhaltung"},"content":{"rendered":"<p>[et_pb_section fb_built=&#8220;1&#8243; admin_label=&#8220;Page Hero&#8220; _builder_version=&#8220;4.16&#8243; background_color=&#8220;#1A1D24&#8243; custom_padding=&#8220;60px||60px||true|false&#8220; global_colors_info=&#8220;{}&#8220;][et_pb_row _builder_version=&#8220;4.16&#8243; _module_preset=&#8220;default&#8220; global_colors_info=&#8220;{}&#8220;][et_pb_column type=&#8220;4_4&#8243; _builder_version=&#8220;4.16&#8243; _module_preset=&#8220;default&#8220; global_colors_info=&#8220;{}&#8220;][et_pb_text _builder_version=&#8220;4.16&#8243; header_font=&#8220;Oswald|700|||||||&#8220; header_text_color=&#8220;#FFFFFF&#8220; header_font_size=&#8220;48px&#8220; text_orientation=&#8220;center&#8220; global_colors_info=&#8220;{}&#8220;]<\/p>\n<h1>Wartung &#038; Instandhaltung<\/h1>\n<p style='font-size: 20px; color: #CCCCCC; margin-top: 15px;'>Zuverl\u00e4ssige Betreuung f\u00fcr maximale Sicherheit<\/p>\n<p>[\/et_pb_text][\/et_pb_column][\/et_pb_row][\/et_pb_section]<\/p>\n<p>[et_pb_section fb_built=&#8220;1&#8243; _builder_version=&#8220;4.16&#8243; background_color=&#8220;#1A1D24&#8243; custom_padding=&#8220;60px||60px||true|false&#8220; global_colors_info=&#8220;{}&#8220;][et_pb_row _builder_version=&#8220;4.16&#8243; _module_preset=&#8220;default&#8220; global_colors_info=&#8220;{}&#8220;][et_pb_column type=&#8220;4_4&#8243; _builder_version=&#8220;4.16&#8243; _module_preset=&#8220;default&#8220; global_colors_info=&#8220;{}&#8220;][et_pb_image src=&#8220;https:\/\/rieser-aufzugbau.de\/wp-content\/uploads\/2026\/02\/elevator-service.png&#8220; align=&#8220;center&#8220; _builder_version=&#8220;4.16&#8243; border_radii=&#8220;on|14px|14px|14px|14px&#8220; width=&#8220;80%&#8220; max_width=&#8220;900px&#8220; global_colors_info=&#8220;{}&#8220;][\/et_pb_image][\/et_pb_column][\/et_pb_row][\/et_pb_section]<\/p>\n<p>[et_pb_section fb_built=&#8220;1&#8243; _builder_version=&#8220;4.16&#8243; background_color=&#8220;#0F1115&#8243; custom_padding=&#8220;80px||80px||true|false&#8220; global_colors_info=&#8220;{}&#8220;][et_pb_row _builder_version=&#8220;4.16&#8243; _module_preset=&#8220;default&#8220; max_width=&#8220;900px&#8220; global_colors_info=&#8220;{}&#8220;][et_pb_column type=&#8220;4_4&#8243; _builder_version=&#8220;4.16&#8243; _module_preset=&#8220;default&#8220; global_colors_info=&#8220;{}&#8220;][et_pb_text _builder_version=&#8220;4.16&#8243; text_font=&#8220;Inter||||||||&#8220; text_text_color=&#8220;#CCCCCC&#8220; text_font_size=&#8220;16px&#8220; text_line_height=&#8220;1.8em&#8220; global_colors_info=&#8220;{}&#8220; header_text_color=&#8220;#FFFFFF&#8220;]<\/p>\n<h2 style=\"color: #FFFFFF;\">Regelm\u00e4\u00dfige Wartung f\u00fcr maximale Betriebssicherheit<\/h2>\n<p>Regelm\u00e4\u00dfige Wartung durch unsere erfahrenen Techniker sorgt f\u00fcr maximale Betriebssicherheit und verl\u00e4ngert die Lebensdauer Ihrer Aufzugsanlage.<\/p>\n<h3 style=\"margin-top: 40px;; color: #FFFFFF;\">Unsere Wartungsleistungen<\/h3>\n<ul>\n<li>Regelm\u00e4\u00dfige Inspektion gem\u00e4\u00df Betriebssicherheitsverordnung<\/li>\n<li>Funktionspr\u00fcfung aller Komponenten<\/li>\n<li>Schmierung und Reinigung<\/li>\n<li>Verschlei\u00dfteil-Check und Austausch<\/li>\n<li>Dokumentation und Protokollierung<\/li>\n<li>Sicherheitspr\u00fcfung<\/li>\n<\/ul>\n<h3 style=\"margin-top: 40px;; color: #FFFFFF;\">Ihre Vorteile<\/h3>\n<ul>\n<li><strong>Sicherheit:<\/strong> Normenkonform und zuverl\u00e4ssig<\/li>\n<li><strong>Verf\u00fcgbarkeit:<\/strong> Weniger Ausf\u00e4lle durch Pr\u00e4vention<\/li>\n<li><strong>Kostenkontrolle:<\/strong> Planbare Wartungskosten<\/li>\n<li><strong>Pers\u00f6nliche Betreuung:<\/strong> Immer derselbe Techniker<\/li>\n<\/ul>\n<p>[\/et_pb_text][\/et_pb_column][\/et_pb_row][\/et_pb_section][et_pb_section fb_built=&#8220;1&#8243; admin_label=&#8220;CTA&#8220; _builder_version=&#8220;4.16&#8243; background_color=&#8220;#1A1D24&#8243; custom_padding=&#8220;60px||60px||true|false&#8220; global_colors_info=&#8220;{}&#8220;][et_pb_row _builder_version=&#8220;4.16&#8243; _module_preset=&#8220;default&#8220; global_colors_info=&#8220;{}&#8220;][et_pb_column type=&#8220;4_4&#8243; _builder_version=&#8220;4.16&#8243; _module_preset=&#8220;default&#8220; global_colors_info=&#8220;{}&#8220;][et_pb_text _builder_version=&#8220;4.16&#8243; text_font=&#8220;Inter||||||||&#8220; text_text_color=&#8220;#FFFFFF&#8220; text_font_size=&#8220;28px&#8220; text_orientation=&#8220;center&#8220; custom_margin=&#8220;||20px||false|false&#8220; global_colors_info=&#8220;{}&#8220; header_text_color=&#8220;#FFFFFF&#8220;]<\/p>\n<p>Haben Sie Fragen? Wir beraten Sie gerne!<\/p>\n<p>[\/et_pb_text][et_pb_button button_url=&#8220;\/kontakt\/&#8220; button_text=&#8220;Kontakt aufnehmen&#8220; button_alignment=&#8220;center&#8220; _builder_version=&#8220;4.16&#8243; custom_button=&#8220;on&#8220; button_text_size=&#8220;16px&#8220; button_text_color=&#8220;#FFFFFF&#8220; button_bg_color=&#8220;#007BFC&#8220; button_border_width=&#8220;0px&#8220; button_border_radius=&#8220;6px&#8220; button_font=&#8220;Inter|600|||||||&#8220; button_use_icon=&#8220;off&#8220; custom_padding=&#8220;14px|32px|14px|32px|true|true&#8220; global_colors_info=&#8220;{}&#8220;][\/et_pb_button][\/et_pb_column][\/et_pb_row][\/et_pb_section]<\/p>\n","protected":false},"excerpt":{"rendered":"<p>Wartung &#038; Instandhaltung Zuverl\u00e4ssige Betreuung f\u00fcr maximale Sicherheit Regelm\u00e4\u00dfige Wartung f\u00fcr maximale Betriebssicherheit Regelm\u00e4\u00dfige Wartung durch unsere erfahrenen Techniker sorgt f\u00fcr maximale Betriebssicherheit und verl\u00e4ngert die Lebensdauer Ihrer Aufzugsanlage. Unsere Wartungsleistungen Regelm\u00e4\u00dfige Inspektion gem\u00e4\u00df Betriebssicherheitsverordnung Funktionspr\u00fcfung aller Komponenten Schmierung und Reinigung Verschlei\u00dfteil-Check und Austausch Dokumentation und Protokollierung Sicherheitspr\u00fcfung Ihre Vorteile Sicherheit: Normenkonform und zuverl\u00e4ssig Verf\u00fcgbarkeit: [&hellip;]<\/p>\n","protected":false},"author":1,"featured_media":0,"parent":261,"menu_order":0,"comment_status":"closed","ping_status":"closed","template":"","meta":{"_et_pb_use_builder":"on","_et_pb_old_content":"","_et_gb_content_width":"","footnotes":""},"class_list":["post-174","page","type-page","status-publish","hentry"],"_links":{"self":[{"href":"https:\/\/rieser-aufzugbau.de\/index.php\/wp-json\/wp\/v2\/pages\/174","targetHints":{"allow":["GET"]}}],"collection":[{"href":"https:\/\/rieser-aufzugbau.de\/index.php\/wp-json\/wp\/v2\/pages"}],"about":[{"href":"https:\/\/rieser-aufzugbau.de\/index.php\/wp-json\/wp\/v2\/types\/page"}],"author":[{"embeddable":true,"href":"https:\/\/rieser-aufzugbau.de\/index.php\/wp-json\/wp\/v2\/users\/1"}],"replies":[{"embeddable":true,"href":"https:\/\/rieser-aufzugbau.de\/index.php\/wp-json\/wp\/v2\/comments?post=174"}],"version-history":[{"count":0,"href":"https:\/\/rieser-aufzugbau.de\/index.php\/wp-json\/wp\/v2\/pages\/174\/revisions"}],"up":[{"embeddable":true,"href":"https:\/\/rieser-aufzugbau.de\/index.php\/wp-json\/wp\/v2\/pages\/261"}],"wp:attachment":[{"href":"https:\/\/rieser-aufzugbau.de\/index.php\/wp-json\/wp\/v2\/media?parent=174"}],"curies":[{"name":"wp","href":"https:\/\/api.w.org\/{rel}","templated":true}]}}