{"id":266,"date":"2026-02-23T00:37:32","date_gmt":"2026-02-22T23:37:32","guid":{"rendered":"https:\/\/rieser-aufzugbau.de\/?page_id=266"},"modified":"2026-03-10T09:58:54","modified_gmt":"2026-03-10T08:58:54","slug":"ueber","status":"publish","type":"page","link":"https:\/\/rieser-aufzugbau.de\/index.php\/ueber\/","title":{"rendered":"\u00dcber"},"content":{"rendered":"<p>[et_pb_section fb_built=&#8220;1&#8243; admin_label=&#8220;Hero&#8220; _builder_version=&#8220;4.24.3&#8243; _module_preset=&#8220;default&#8220; use_background_color_gradient=&#8220;on&#8220; background_color_gradient_stops=&#8220;gcid-primary-color 0%|rgba(255,255,255,0) 100%&#8220; background_color_gradient_overlays_image=&#8220;on&#8220; background_image=&#8220;https:\/\/images.unsplash.com\/photo-1703355685639-d558d1b0f63e?ixid=M3w1ODkyNzF8MHwxfHNlYXJjaHwxMHx8bW9kZXJuJTIwb2ZmaWNlJTIwYnVpbGRpbmd8ZW58MHwwfHx8MTc3MTgwMzI5Nnww&#038;ixlib=rb-4.1.0&#038;fm=webp&#038;fit=crop&#038;crop=entropy&#038;w=1920&#038;h=1080&#038;q=20&#038;dpr=2&#8243; custom_padding=&#8220;||8vw||false|false&#8220; locked=&#8220;off&#8220; collapsed=&#8220;on&#8220; global_colors_info=&#8220;{%22gcid-primary-color%22:%91%22background_color_gradient_stops%22%93}&#8220;][et_pb_row column_structure=&#8220;1_4,3_4&#8243; _builder_version=&#8220;4.24.3&#8243; _module_preset=&#8220;5138c454-be54-4233-bd3b-f8e6a8747976&#8243; custom_padding=&#8220;0px|||||&#8220; global_colors_info=&#8220;{}&#8220;][et_pb_column type=&#8220;1_4&#8243; _builder_version=&#8220;4.16.0&#8243; _module_preset=&#8220;73121f80-a3ef-4484-8763-c3f18e3c56d2&#8243; global_colors_info=&#8220;{}&#8220;][\/et_pb_column][et_pb_column type=&#8220;3_4&#8243; _builder_version=&#8220;4.24.3&#8243; _module_preset=&#8220;73121f80-a3ef-4484-8763-c3f18e3c56d2&#8243; background_color=&#8220;gcid-primary-color&#8220; custom_padding=&#8220;60px|60px|60px|60px|true|true&#8220; custom_padding_tablet=&#8220;30px|30px|30px|30px|true|true&#8220; custom_padding_phone=&#8220;20px|20px|20px|20px|true|true&#8220; custom_padding_last_edited=&#8220;on|desktop&#8220; border_radii=&#8220;on|6px|6px|6px|6px&#8220; global_colors_info=&#8220;{%22gcid-primary-color%22:%91%22background_color%22%93}&#8220;][et_pb_heading title=&#8220;\u00dcber Rieser Aufzugbau GmbH&#8220; _builder_version=&#8220;4.24.3&#8243; _module_preset=&#8220;ddeb8c09-9078-4424-bc15-2efb6572e28e&#8220; title_text_color=&#8220;#FFFFFF&#8220; locked=&#8220;off&#8220; global_colors_info=&#8220;{}&#8220;][\/et_pb_heading][et_pb_text _builder_version=&#8220;4.24.2&#8243; _module_preset=&#8220;0504de1e-f5ff-4281-ba60-cbbe4edf98bc&#8220; locked=&#8220;off&#8220;]<\/p>\n<p>Ihr Partner f\u00fcr individuelle Aufzugl\u00f6sungen seit 1996<\/p>\n<p>[\/et_pb_text][et_pb_button button_text=&#8220;Mehr erfahren&#8220; _builder_version=&#8220;4.24.3&#8243; _module_preset=&#8220;ab15fb74-61a3-43aa-96b3-41e09aeef654&#8243; locked=&#8220;off&#8220; global_colors_info=&#8220;{}&#8220;][\/et_pb_button][\/et_pb_column][\/et_pb_row][\/et_pb_section][et_pb_section fb_built=&#8220;1&#8243; admin_label=&#8220;About&#8220; _builder_version=&#8220;4.25.1&#8243; _module_preset=&#8220;default&#8220; collapsed=&#8220;on&#8220; global_colors_info=&#8220;{}&#8220;][et_pb_row column_structure=&#8220;1_2,1_2&#8243; _builder_version=&#8220;4.25.1&#8243; _module_preset=&#8220;default&#8220; global_colors_info=&#8220;{}&#8220;][et_pb_column type=&#8220;1_2&#8243; _builder_version=&#8220;4.25.1&#8243; _module_preset=&#8220;default&#8220; global_colors_info=&#8220;{}&#8220;][et_pb_heading title=&#8220;\u00dcber Rieser Aufzugbau GmbH&#8220; _builder_version=&#8220;4.25.1&#8243; _module_preset=&#8220;c33f07d9-41e0-421a-8799-5799df695cce&#8220; global_colors_info=&#8220;{}&#8220;][\/et_pb_heading][et_pb_text _builder_version=&#8220;4.27.5&#8243; _module_preset=&#8220;2c55a9c4-feed-423b-9edb-ae0b5b365cac&#8220; global_colors_info=&#8220;{}&#8220;]Bei Rieser Aufzugbau GmbH fokussieren wir uns auf ma\u00dfgeschneiderte L\u00f6sungen und h\u00f6chste Qualit\u00e4t. Unser engagiertes Team entwickelt in enger Zusammenarbeit mit Ihnen funktionale und \u00e4sthetische Aufzugsl\u00f6sungen. Mit modernster Technologie und handwerklichem K\u00f6nnen garantieren wir, dass Ihre Erwartungen \u00fcbertroffen werden. Vertrauen Sie auf unsere Expertise f\u00fcr individuelle Aufzugsl\u00f6sungen, die perfekt zu Ihrem Geb\u00e4ude passen.[\/et_pb_text][et_pb_button button_text=&#8220;Mehr \u00fcber uns&#8220; _builder_version=&#8220;4.25.1&#8243; _module_preset=&#8220;1bffc0fc-42a0-49d1-bd9a-ae3ade2d7206&#8243; global_colors_info=&#8220;{}&#8220;][\/et_pb_button][\/et_pb_column][et_pb_column type=&#8220;1_2&#8243; _builder_version=&#8220;4.25.1&#8243; _module_preset=&#8220;default&#8220; global_colors_info=&#8220;{}&#8220;][et_pb_image src=&#8220;https:\/\/images.unsplash.com\/photo-1758113522406-a93681cb6c11?ixid=M3w1ODkyNzF8MHwxfHNlYXJjaHw1fHxlbGV2YXRvciUyMGluc3RhbGxhdGlvbiUyMHRlYW18ZW58MHwyfHx8MTc3MTgwMzI5Nnww&#038;ixlib=rb-4.1.0&#038;fm=webp&#038;fit=crop&#038;crop=entropy&#038;w=800&#038;h=800&#038;q=20&#038;dpr=2&#8243; title_text=&#8220;800&#215;800&#8243; _builder_version=&#8220;4.25.1&#8243; _module_preset=&#8220;default&#8220; global_colors_info=&#8220;{}&#8220;][\/et_pb_image][\/et_pb_column][\/et_pb_row][\/et_pb_section][et_pb_section fb_built=&#8220;1&#8243; admin_label=&#8220;Timeline&#8220; _builder_version=&#8220;4.18.0&#8243; _module_preset=&#8220;default&#8220; locked=&#8220;off&#8220; collapsed=&#8220;on&#8220; global_colors_info=&#8220;{}&#8220;][et_pb_row _builder_version=&#8220;4.18.0&#8243; _module_preset=&#8220;5138c454-be54-4233-bd3b-f8e6a8747976&#8243; global_colors_info=&#8220;{}&#8220;][et_pb_column type=&#8220;4_4&#8243; _builder_version=&#8220;4.18.0&#8243; _module_preset=&#8220;73121f80-a3ef-4484-8763-c3f18e3c56d2&#8243; global_colors_info=&#8220;{}&#8220;][et_pb_heading title=&#8220;Unsere Geschichte&#8220; _builder_version=&#8220;4.24.3&#8243; _module_preset=&#8220;c33f07d9-41e0-421a-8799-5799df695cce&#8220; title_text_align=&#8220;center&#8220; global_colors_info=&#8220;{}&#8220;][\/et_pb_heading][et_pb_text _builder_version=&#8220;4.24.3&#8243; _module_preset=&#8220;2c55a9c4-feed-423b-9edb-ae0b5b365cac&#8220; text_orientation=&#8220;center&#8220; global_colors_info=&#8220;{}&#8220;]<\/p>\n<p>Wichtige Meilensteine in der Entwicklung unseres Unternehmens<\/p>\n<p>[\/et_pb_text][\/et_pb_column][\/et_pb_row][et_pb_row column_structure=&#8220;1_4,1_4,1_4,1_4&#8243; use_custom_gutter=&#8220;on&#8220; gutter_width=&#8220;2&#8243; make_equal=&#8220;on&#8220; _builder_version=&#8220;4.24.2&#8243; _module_preset=&#8220;5138c454-be54-4233-bd3b-f8e6a8747976&#8243; global_colors_info=&#8220;{}&#8220;][et_pb_column type=&#8220;1_4&#8243; _builder_version=&#8220;4.24.0&#8243; _module_preset=&#8220;73121f80-a3ef-4484-8763-c3f18e3c56d2&#8243; custom_padding=&#8220;|||20px|false|false&#8220; border_color_all=&#8220;rgba(0,0,0,0.08)&#8220; border_width_left=&#8220;2px&#8220; global_colors_info=&#8220;{}&#8220;][et_pb_heading title=&#8220;1996&#8243; _builder_version=&#8220;4.24.3&#8243; _module_preset=&#8220;ba4a6336-701f-47b8-bf5c-09da0ce28016&#8243; title_text_color=&#8220;gcid-primary-color&#8220; global_colors_info=&#8220;{%22gcid-primary-color%22:%91%22title_text_color%22%93}&#8220;][\/et_pb_heading][et_pb_heading title=&#8220;Gr\u00fcndung der Firma&#8220; _builder_version=&#8220;4.24.3&#8243; _module_preset=&#8220;a3805066-8711-43c7-9f62-5782da0e9f7a&#8220; global_colors_info=&#8220;{}&#8220;][\/et_pb_heading][et_pb_text _builder_version=&#8220;4.24.3&#8243; _module_preset=&#8220;2c55a9c4-feed-423b-9edb-ae0b5b365cac&#8220; custom_margin=&#8220;||30px||false|false&#8220; global_colors_info=&#8220;{}&#8220;]<\/p>\n<p>Gr\u00fcndung der Rieser Aufzugbau GmbH in N\u00f6rdlingen. Errichten der Produktion.<\/p>\n<p>[\/et_pb_text][et_pb_image src=&#8220;https:\/\/images.unsplash.com\/photo-1665069181618-5618c9b621ec?ixid=M3w1ODkyNzF8MHwxfHNlYXJjaHw3fHxjb25zdHJ1Y3Rpb24lMjB0aW1lbGluZSUyMG1pbGVzdG9uZXN8ZW58MHwwfHx8MTc3MTgwMzI5Nnww&#038;ixlib=rb-4.1.0&#038;fm=webp&#038;fit=crop&#038;crop=entropy&#038;w=800&#038;h=600&#038;q=20&#038;dpr=2&#8243; title_text=&#8220;800&#215;600&#8243; _builder_version=&#8220;4.24.3&#8243; _module_preset=&#8220;default&#8220; global_colors_info=&#8220;{}&#8220;][\/et_pb_image][\/et_pb_column][et_pb_column type=&#8220;1_4&#8243; _builder_version=&#8220;4.24.0&#8243; _module_preset=&#8220;73121f80-a3ef-4484-8763-c3f18e3c56d2&#8243; custom_padding=&#8220;|||20px|false|false&#8220; border_color_all=&#8220;rgba(0,0,0,0.08)&#8220; border_width_left=&#8220;2px&#8220; global_colors_info=&#8220;{}&#8220;][et_pb_heading title=&#8220;2017&#8243; _builder_version=&#8220;4.27.5&#8243; _module_preset=&#8220;ba4a6336-701f-47b8-bf5c-09da0ce28016&#8243; title_text_color=&#8220;gcid-primary-color&#8220; hover_enabled=&#8220;0&#8243; global_colors_info=&#8220;{%22gcid-primary-color%22:%91%22title_text_color%22%93}&#8220; sticky_enabled=&#8220;0&#8243;][\/et_pb_heading][et_pb_heading title=&#8220;Erweiterung Nach Maintal&#8220; _builder_version=&#8220;4.27.5&#8243; _module_preset=&#8220;a3805066-8711-43c7-9f62-5782da0e9f7a&#8220; global_colors_info=&#8220;{}&#8220;][\/et_pb_heading][et_pb_text _builder_version=&#8220;4.27.5&#8243; _module_preset=&#8220;2c55a9c4-feed-423b-9edb-ae0b5b365cac&#8220; custom_margin=&#8220;||30px||false|false&#8220; global_colors_info=&#8220;{}&#8220;]Wir haben unsere Betriebsst\u00e4tte nach Maintal erweitert, wodurch wir unsere F\u00e4higkeit, Kunden in der gesamten Region zu bedienen, deutlich verbessert haben.[\/et_pb_text][et_pb_image src=&#8220;https:\/\/images.unsplash.com\/photo-1737272148273-1142ad71354d?ixid=M3w1ODkyNzF8MHwxfHNlYXJjaHwxMHx8aGlzdG9yaWNhbCUyMGVsZXZhdG9yJTIwZGVzaWdufGVufDB8MHx8fDE3NzE4MDMyOTZ8MA&#038;ixlib=rb-4.1.0&#038;fm=webp&#038;fit=crop&#038;crop=entropy&#038;w=800&#038;h=600&#038;q=20&#038;dpr=2&#8243; title_text=&#8220;800&#215;600&#8243; _builder_version=&#8220;4.24.0&#8243; _module_preset=&#8220;default&#8220; global_colors_info=&#8220;{}&#8220;][\/et_pb_image][\/et_pb_column][et_pb_column type=&#8220;1_4&#8243; _builder_version=&#8220;4.24.0&#8243; _module_preset=&#8220;73121f80-a3ef-4484-8763-c3f18e3c56d2&#8243; custom_padding=&#8220;|||20px|false|false&#8220; border_color_all=&#8220;rgba(0,0,0,0.08)&#8220; border_width_left=&#8220;2px&#8220; global_colors_info=&#8220;{}&#8220;][et_pb_heading title=&#8220;2010&#8243; _builder_version=&#8220;4.24.3&#8243; _module_preset=&#8220;ba4a6336-701f-47b8-bf5c-09da0ce28016&#8243; title_text_color=&#8220;gcid-primary-color&#8220; global_colors_info=&#8220;{%22gcid-primary-color%22:%91%22title_text_color%22%93}&#8220;][\/et_pb_heading][et_pb_heading title=&#8220;Ausbau der Dienstleistungen&#8220; _builder_version=&#8220;4.24.2&#8243; _module_preset=&#8220;a3805066-8711-43c7-9f62-5782da0e9f7a&#8220; global_colors_info=&#8220;{}&#8220;][\/et_pb_heading][et_pb_text _builder_version=&#8220;4.24.2&#8243; _module_preset=&#8220;2c55a9c4-feed-423b-9edb-ae0b5b365cac&#8220; custom_margin=&#8220;||30px||false|false&#8220; global_colors_info=&#8220;{}&#8220;]<\/p>\n<p>Steigendes Wachstum, verst\u00e4rkter Fokus auf Wartung und Modernisierung<\/p>\n<p>[\/et_pb_text][et_pb_image src=&#8220;https:\/\/images.unsplash.com\/photo-1644890550788-3ca4ee5c3bc3?ixid=M3w1ODkyNzF8MHwxfHNlYXJjaHw3fHxlbGV2YXRvciUyMHNlcnZpY2UlMjB0ZWNobmljaWFufGVufDB8MHx8fDE3NzE4MDMyOTZ8MA&#038;ixlib=rb-4.1.0&#038;fm=webp&#038;fit=crop&#038;crop=entropy&#038;w=800&#038;h=600&#038;q=20&#038;dpr=2&#8243; title_text=&#8220;800&#215;600&#8243; _builder_version=&#8220;4.24.0&#8243; _module_preset=&#8220;default&#8220; global_colors_info=&#8220;{}&#8220;][\/et_pb_image][\/et_pb_column][et_pb_column type=&#8220;1_4&#8243; _builder_version=&#8220;4.24.0&#8243; _module_preset=&#8220;73121f80-a3ef-4484-8763-c3f18e3c56d2&#8243; custom_padding=&#8220;|||20px|false|false&#8220; border_color_all=&#8220;rgba(0,0,0,0.08)&#8220; border_width_left=&#8220;2px&#8220; global_colors_info=&#8220;{}&#8220;][et_pb_heading title=&#8220;2020&#8243; _builder_version=&#8220;4.24.3&#8243; _module_preset=&#8220;ba4a6336-701f-47b8-bf5c-09da0ce28016&#8243; title_text_color=&#8220;gcid-primary-color&#8220; global_colors_info=&#8220;{%22gcid-primary-color%22:%91%22title_text_color%22%93}&#8220;][\/et_pb_heading][et_pb_heading title=&#8220;Moderne Technik&#8220; _builder_version=&#8220;4.24.2&#8243; _module_preset=&#8220;a3805066-8711-43c7-9f62-5782da0e9f7a&#8220; global_colors_info=&#8220;{}&#8220;][\/et_pb_heading][et_pb_text _builder_version=&#8220;4.24.2&#8243; _module_preset=&#8220;2c55a9c4-feed-423b-9edb-ae0b5b365cac&#8220; custom_margin=&#8220;||30px||false|false&#8220; global_colors_info=&#8220;{}&#8220;]<\/p>\n<p>Einsatz modernster Technik f\u00fcr Sicherheit, Komfort und Effizienz<\/p>\n<p>[\/et_pb_text][et_pb_image src=&#8220;https:\/\/images.unsplash.com\/photo-1740818576358-7596eb883cf3?ixid=M3w1ODkyNzF8MHwxfHNlYXJjaHw3fHxjbGllbnQlMjBjb25zdWx0YXRpb24lMjBtZWV0aW5nfGVufDB8MHx8fDE3NzE4MDMyOTZ8MA&#038;ixlib=rb-4.1.0&#038;fm=webp&#038;fit=crop&#038;crop=entropy&#038;w=800&#038;h=600&#038;q=20&#038;dpr=2&#8243; title_text=&#8220;800&#215;600&#8243; _builder_version=&#8220;4.24.0&#8243; _module_preset=&#8220;default&#8220; global_colors_info=&#8220;{}&#8220;][\/et_pb_image][\/et_pb_column][\/et_pb_row][\/et_pb_section][et_pb_section fb_built=&#8220;1&#8243; admin_label=&#8220;Text &#038; Image&#8220; _builder_version=&#8220;4.16&#8243; _module_preset=&#8220;default&#8220; locked=&#8220;off&#8220; collapsed=&#8220;on&#8220; global_colors_info=&#8220;{}&#8220;][et_pb_row column_structure=&#8220;2_5,3_5&#8243; _builder_version=&#8220;4.17.6&#8243; _module_preset=&#8220;5138c454-be54-4233-bd3b-f8e6a8747976&#8243; global_colors_info=&#8220;{}&#8220;][et_pb_column type=&#8220;2_5&#8243; _builder_version=&#8220;4.16&#8243; _module_preset=&#8220;73121f80-a3ef-4484-8763-c3f18e3c56d2&#8243; z_index=&#8220;500&#8243; global_colors_info=&#8220;{}&#8220;][et_pb_heading title=&#8220;Unsere Philosophie&#8220; _builder_version=&#8220;4.24.3&#8243; _module_preset=&#8220;f0c675ea-2574-4d0e-b725-30f8550a8550&#8243; title_text_color=&#8220;gcid-primary-color&#8220; locked=&#8220;off&#8220; global_colors_info=&#8220;{%22gcid-primary-color%22:%91%22title_text_color%22%93}&#8220;][\/et_pb_heading][et_pb_heading title=&#8220;Ma\u00dfgeschneiderte Aufzugl\u00f6sungen&#8220; _builder_version=&#8220;4.24.3&#8243; _module_preset=&#8220;c33f07d9-41e0-421a-8799-5799df695cce&#8220; locked=&#8220;off&#8220; global_colors_info=&#8220;{}&#8220;][\/et_pb_heading][et_pb_text _builder_version=&#8220;4.24.3&#8243; _module_preset=&#8220;2c55a9c4-feed-423b-9edb-ae0b5b365cac&#8220; locked=&#8220;off&#8220; global_colors_info=&#8220;{%22gcid-36fd78a7-34bc-404d-873c-dafa34efaae5%22:%91%22icon_color%22,%22icon_color%22%93}&#8220; body_font_size_tablet=&#8220;15px&#8220; body_font_size_phone=&#8220;14px&#8220; body_font_size_last_edited=&#8220;on|desktop&#8220;]<\/p>\n<p>Wir sind \u00fcberzeugt: Jeder Aufzug ist so individuell wie das Geb\u00e4ude, in dem er eingesetzt wird. Deshalb setzen wir auf Herstellerunabh\u00e4ngigkeit, kurze Entscheidungswege und eine schnelle Reaktionszeit \u2013 f\u00fcr L\u00f6sungen, die perfekt zu Ihren Anforderungen passen.<\/p>\n<p>[\/et_pb_text][\/et_pb_column][et_pb_column type=&#8220;3_5&#8243; _builder_version=&#8220;4.16&#8243; _module_preset=&#8220;73121f80-a3ef-4484-8763-c3f18e3c56d2&#8243; global_colors_info=&#8220;{}&#8220;][et_pb_image src=&#8220;https:\/\/images.unsplash.com\/photo-1740526075539-4ae12fa3dc80?ixid=M3w1ODkyNzF8MHwxfHNlYXJjaHw2fHxlbGV2YXRvciUyMG1vZGVybml6YXRpb24lMjBwcm9jZXNzfGVufDB8MHx8fDE3NzE4MDMyOTZ8MA&#038;ixlib=rb-4.1.0&#038;fm=webp&#038;fit=crop&#038;crop=entropy&#038;w=800&#038;h=600&#038;q=20&#038;dpr=2&#8243; title_text=&#8220;800&#215;600&#8243; _builder_version=&#8220;4.24.3&#8243; _module_preset=&#8220;6ed8fd5c-62c5-4100-98c3-7b8b6d2c2ee6&#8243; locked=&#8220;off&#8220; global_colors_info=&#8220;{}&#8220;][\/et_pb_image][\/et_pb_column][\/et_pb_row][\/et_pb_section][et_pb_section fb_built=&#8220;1&#8243; admin_label=&#8220;Contact Info&#8220; _builder_version=&#8220;4.25.1&#8243; _module_preset=&#8220;default&#8220; collapsed=&#8220;on&#8220; global_colors_info=&#8220;{}&#8220;][et_pb_row column_structure=&#8220;1_3,1_3,1_3&#8243; make_equal=&#8220;on&#8220; _builder_version=&#8220;4.25.1&#8243; _module_preset=&#8220;default&#8220; global_colors_info=&#8220;{}&#8220;][et_pb_column type=&#8220;1_3&#8243; _builder_version=&#8220;4.25.1&#8243; _module_preset=&#8220;50607da8-57bc-4d4b-aaef-f02e41c2cc4a&#8220; global_colors_info=&#8220;{}&#8220;][et_pb_blurb title=&#8220;Telefon&#8220; icon_alignment=&#8220;center&#8220; module_class=&#8220;ai_ignore_all&#8220; _builder_version=&#8220;4.27.5&#8243; _module_preset=&#8220;212b201d-2c34-41bd-936c-851b7357d08b&#8220; text_orientation=&#8220;center&#8220; hover_enabled=&#8220;0&#8243; global_colors_info=&#8220;{}&#8220; sticky_enabled=&#8220;0&#8243;]<\/p>\n<p>(09081) 27501 0<\/p>\n<p>[\/et_pb_blurb][\/et_pb_column][et_pb_column type=&#8220;1_3&#8243; _builder_version=&#8220;4.25.1&#8243; _module_preset=&#8220;50607da8-57bc-4d4b-aaef-f02e41c2cc4a&#8220; global_colors_info=&#8220;{}&#8220;][et_pb_blurb title=&#8220;Email&#8220; icon_alignment=&#8220;center&#8220; module_class=&#8220;ai_ignore_all&#8220; _builder_version=&#8220;4.25.1&#8243; _module_preset=&#8220;212b201d-2c34-41bd-936c-851b7357d08b&#8220; text_orientation=&#8220;center&#8220; locked=&#8220;off&#8220; global_colors_info=&#8220;{}&#8220;]<\/p>\n<p><a href=\"mailto:info@rieser-aufzugbau.de\">info@rieser-aufzugbau.de<\/a><\/p>\n<p>[\/et_pb_blurb][\/et_pb_column][et_pb_column type=&#8220;1_3&#8243; _builder_version=&#8220;4.25.1&#8243; _module_preset=&#8220;50607da8-57bc-4d4b-aaef-f02e41c2cc4a&#8220; global_colors_info=&#8220;{}&#8220;][et_pb_blurb title=&#8220;Address&#8220; icon_alignment=&#8220;center&#8220; module_class=&#8220;ai_ignore_all&#8220; _builder_version=&#8220;4.27.5&#8243; _module_preset=&#8220;212b201d-2c34-41bd-936c-851b7357d08b&#8220; text_orientation=&#8220;center&#8220; hover_enabled=&#8220;0&#8243; locked=&#8220;off&#8220; global_colors_info=&#8220;{}&#8220; sticky_enabled=&#8220;0&#8243;]<\/p>\n<p>An der Lach 10 <br \/>86720 N\u00f6rdlingen <br \/>Deutschland<\/p>\n<p>[\/et_pb_blurb][\/et_pb_column][\/et_pb_row][\/et_pb_section][et_pb_section fb_built=&#8220;1&#8243; admin_label=&#8220;Team&#8220; _builder_version=&#8220;4.18.0&#8243; _module_preset=&#8220;default&#8220; locked=&#8220;off&#8220; collapsed=&#8220;on&#8220; global_colors_info=&#8220;{}&#8220;][et_pb_row _builder_version=&#8220;4.18.0&#8243; _module_preset=&#8220;5138c454-be54-4233-bd3b-f8e6a8747976&#8243; locked=&#8220;off&#8220; global_colors_info=&#8220;{}&#8220;][et_pb_column type=&#8220;4_4&#8243; _builder_version=&#8220;4.17.1&#8243; _module_preset=&#8220;73121f80-a3ef-4484-8763-c3f18e3c56d2&#8243; global_colors_info=&#8220;{}&#8220;][et_pb_heading title=&#8220;Unser Team&#8220; _builder_version=&#8220;4.24.2&#8243; _module_preset=&#8220;c33f07d9-41e0-421a-8799-5799df695cce&#8220; title_text_align=&#8220;center&#8220; global_colors_info=&#8220;{}&#8220;][\/et_pb_heading][et_pb_text _builder_version=&#8220;4.24.2&#8243; _module_preset=&#8220;2c55a9c4-feed-423b-9edb-ae0b5b365cac&#8220; text_orientation=&#8220;center&#8220; max_width=&#8220;800px&#8220; module_alignment=&#8220;center&#8220; locked=&#8220;off&#8220; global_colors_info=&#8220;{}&#8220;]<\/p>\n<p>Unser engagiertes Team bei Rieser Aufzugbau GmbH besteht aus erfahrenen Fachleuten, die sich leidenschaftlich f\u00fcr die Entwicklung und Umsetzung innovativer Aufzugl\u00f6sungen einsetzen. Jeder Teammitglied bringt einzigartige F\u00e4higkeiten und Fachwissen mit, um sicherzustellen, dass wir die Erwartungen unserer Kunden stets \u00fcbertreffen.<\/p>\n<p>[\/et_pb_text][\/et_pb_column][\/et_pb_row][\/et_pb_section][et_pb_section fb_built=&#8220;1&#8243; admin_label=&#8220;Call to Action&#8220; _builder_version=&#8220;4.17.6&#8243; _module_preset=&#8220;default&#8220; locked=&#8220;off&#8220; collapsed=&#8220;on&#8220; global_colors_info=&#8220;{}&#8220;][et_pb_row column_structure=&#8220;1_2,1_2&#8243; _builder_version=&#8220;4.17.6&#8243; _module_preset=&#8220;5138c454-be54-4233-bd3b-f8e6a8747976&#8243; global_colors_info=&#8220;{}&#8220;][et_pb_column type=&#8220;1_2&#8243; _builder_version=&#8220;4.16&#8243; _module_preset=&#8220;73121f80-a3ef-4484-8763-c3f18e3c56d2&#8243; global_colors_info=&#8220;{}&#8220;][et_pb_image src=&#8220;https:\/\/images.unsplash.com\/photo-1683119926853-6427b2966f9d?ixid=M3w1ODkyNzF8MHwxfHNlYXJjaHwxfHxpbmR1c3RyaWFsJTIwbGlmdCUyMG9wZXJhdGlvbnxlbnwwfDB8fHwxNzcxODAzMjc1fDA&#038;ixlib=rb-4.1.0&#038;fm=webp&#038;fit=crop&#038;crop=entropy&#038;w=800&#038;h=600&#038;q=20&#038;dpr=2&#8243; title_text=&#8220;800&#215;600&#8243; _builder_version=&#8220;4.24.3&#8243; _module_preset=&#8220;6ed8fd5c-62c5-4100-98c3-7b8b6d2c2ee6&#8243; global_colors_info=&#8220;{}&#8220;][\/et_pb_image][\/et_pb_column][et_pb_column type=&#8220;1_2&#8243; _builder_version=&#8220;4.16&#8243; _module_preset=&#8220;73121f80-a3ef-4484-8763-c3f18e3c56d2&#8243; global_colors_info=&#8220;{}&#8220;][et_pb_heading title=&#8220;Haben Sie Fragen?&#8220; _builder_version=&#8220;4.24.3&#8243; _module_preset=&#8220;c33f07d9-41e0-421a-8799-5799df695cce&#8220; global_colors_info=&#8220;{}&#8220;][\/et_pb_heading][et_pb_text _builder_version=&#8220;4.24.2&#8243; _module_preset=&#8220;2c55a9c4-feed-423b-9edb-ae0b5b365cac&#8220; locked=&#8220;off&#8220; global_colors_info=&#8220;{}&#8220;]<\/p>\n<p>Wir beraten Sie gerne zu allen Fragen rund um Aufzuganlagen \u2013 von der Planung \u00fcber den Bau bis zur Wartung.<\/p>\n<p>[\/et_pb_text][et_pb_button button_text=&#8220;Kontakt aufnehmen&#8220; _builder_version=&#8220;4.23.1&#8243; _module_preset=&#8220;1bffc0fc-42a0-49d1-bd9a-ae3ade2d7206&#8243; locked=&#8220;off&#8220; global_colors_info=&#8220;{}&#8220;][\/et_pb_button][\/et_pb_column][\/et_pb_row][\/et_pb_section]<\/p>\n","protected":false},"excerpt":{"rendered":"<p>Ihr Partner f\u00fcr individuelle Aufzugl\u00f6sungen seit 1996Bei Rieser Aufzugbau GmbH fokussieren wir uns auf ma\u00dfgeschneiderte L\u00f6sungen und h\u00f6chste Qualit\u00e4t. Unser engagiertes Team entwickelt in enger Zusammenarbeit mit Ihnen funktionale und \u00e4sthetische Aufzugsl\u00f6sungen. Mit modernster Technologie und handwerklichem K\u00f6nnen garantieren wir, dass Ihre Erwartungen \u00fcbertroffen werden. Vertrauen Sie auf unsere Expertise f\u00fcr individuelle Aufzugsl\u00f6sungen, die perfekt [&hellip;]<\/p>\n","protected":false},"author":1,"featured_media":0,"parent":0,"menu_order":0,"comment_status":"closed","ping_status":"closed","template":"","meta":{"_et_pb_use_builder":"on","_et_pb_old_content":"","_et_gb_content_width":"","footnotes":""},"class_list":["post-266","page","type-page","status-publish","hentry"],"_links":{"self":[{"href":"https:\/\/rieser-aufzugbau.de\/index.php\/wp-json\/wp\/v2\/pages\/266","targetHints":{"allow":["GET"]}}],"collection":[{"href":"https:\/\/rieser-aufzugbau.de\/index.php\/wp-json\/wp\/v2\/pages"}],"about":[{"href":"https:\/\/rieser-aufzugbau.de\/index.php\/wp-json\/wp\/v2\/types\/page"}],"author":[{"embeddable":true,"href":"https:\/\/rieser-aufzugbau.de\/index.php\/wp-json\/wp\/v2\/users\/1"}],"replies":[{"embeddable":true,"href":"https:\/\/rieser-aufzugbau.de\/index.php\/wp-json\/wp\/v2\/comments?post=266"}],"version-history":[{"count":7,"href":"https:\/\/rieser-aufzugbau.de\/index.php\/wp-json\/wp\/v2\/pages\/266\/revisions"}],"predecessor-version":[{"id":392,"href":"https:\/\/rieser-aufzugbau.de\/index.php\/wp-json\/wp\/v2\/pages\/266\/revisions\/392"}],"wp:attachment":[{"href":"https:\/\/rieser-aufzugbau.de\/index.php\/wp-json\/wp\/v2\/media?parent=266"}],"curies":[{"name":"wp","href":"https:\/\/api.w.org\/{rel}","templated":true}]}}