{"id":276,"date":"2026-02-23T00:37:32","date_gmt":"2026-02-22T23:37:32","guid":{"rendered":"https:\/\/rieser-aufzugbau.de\/?page_id=276"},"modified":"2026-03-10T10:04:19","modified_gmt":"2026-03-10T09:04:19","slug":"kontakt-2","status":"publish","type":"page","link":"https:\/\/rieser-aufzugbau.de\/index.php\/kontakt-2\/","title":{"rendered":"Kontakt"},"content":{"rendered":"<p>[et_pb_section fb_built=&#8220;1&#8243; admin_label=&#8220;Hero&#8220; _builder_version=&#8220;4.24.3&#8243; _module_preset=&#8220;_module_preset=&#8220; background_image=&#8220;https:\/\/images.unsplash.com\/photo-1703355685639-d558d1b0f63e?ixid=M3w1ODkyNzF8MHwxfHNlYXJjaHwxMHx8bW9kZXJuJTIwb2ZmaWNlJTIwYnVpbGRpbmd8ZW58MHwwfHx8MTc3MTgwMzI5Nnww&#038;ixlib=rb-4.1.0&#038;fm=webp&#038;fit=crop&#038;crop=entropy&#038;w=1920&#038;h=1080&#038;q=20&#038;dpr=2&#8243; custom_padding=&#8220;8vw||12vw||false|false&#8220; bottom_divider_style=&#8220;slant&#8220; bottom_divider_height=&#8220;10vw&#8220; bottom_divider_flip=&#8220;horizontal&#8220; locked=&#8220;off&#8220; collapsed=&#8220;on&#8220; global_colors_info=&#8220;{}&#8220; next_background_color=&#8220;#ffffff&#8220;][et_pb_row column_structure=&#8220;2_3,1_3&#8243; _builder_version=&#8220;4.18.0&#8243; _module_preset=&#8220;5138c454-be54-4233-bd3b-f8e6a8747976&#8243; locked=&#8220;off&#8220; global_colors_info=&#8220;{}&#8220;][et_pb_column type=&#8220;2_3&#8243; _builder_version=&#8220;4.16&#8243; _module_preset=&#8220;73121f80-a3ef-4484-8763-c3f18e3c56d2&#8243; global_colors_info=&#8220;{}&#8220;][et_pb_heading title=&#8220;Kontaktieren Sie uns f\u00fcr ma\u00dfgeschneiderte Aufzugl\u00f6sungen&#8220; _builder_version=&#8220;4.24.2&#8243; _module_preset=&#8220;f0c675ea-2574-4d0e-b725-30f8550a8550&#8243; title_text_color=&#8220;#FFFFFF&#8220; locked=&#8220;off&#8220; global_colors_info=&#8220;{}&#8220;][\/et_pb_heading][et_pb_heading title=&#8220;Rieser Aufzugbau GmbH \u2013 Ihr Partner f\u00fcr individuelle Aufzugl\u00f6sungen&#8220; _builder_version=&#8220;4.24.2&#8243; _module_preset=&#8220;ddeb8c09-9078-4424-bc15-2efb6572e28e&#8220; title_text_color=&#8220;#FFFFFF&#8220; locked=&#8220;off&#8220; global_colors_info=&#8220;{}&#8220;][\/et_pb_heading][et_pb_text _builder_version=&#8220;4.24.2&#8243; _module_preset=&#8220;0504de1e-f5ff-4281-ba60-cbbe4edf98bc&#8220; locked=&#8220;off&#8220;]<\/p>\n<p>Entdecken Sie unsere spezialisierten Dienstleistungen f\u00fcr B\u00fcrogeb\u00e4ude, Industrieanlagen und Modernisierungsprojekte. Lassen Sie sich von unseren Experten beraten und finden Sie die perfekte L\u00f6sung f\u00fcr Ihre Anforderungen.<\/p>\n<p>[\/et_pb_text][et_pb_button button_text=&#8220;Jetzt Kontakt aufnehmen&#8220; _builder_version=&#8220;4.24.3&#8243; _module_preset=&#8220;ab15fb74-61a3-43aa-96b3-41e09aeef654&#8243; locked=&#8220;off&#8220; global_colors_info=&#8220;{}&#8220;][\/et_pb_button][\/et_pb_column][et_pb_column type=&#8220;1_3&#8243; _builder_version=&#8220;4.16&#8243; _module_preset=&#8220;73121f80-a3ef-4484-8763-c3f18e3c56d2&#8243; global_colors_info=&#8220;{}&#8220;][\/et_pb_column][\/et_pb_row][\/et_pb_section][et_pb_section fb_built=&#8220;1&#8243; admin_label=&#8220;Contact Info&#8220; _builder_version=&#8220;4.25.1&#8243; _module_preset=&#8220;default&#8220; collapsed=&#8220;on&#8220; global_colors_info=&#8220;{}&#8220;][et_pb_row column_structure=&#8220;1_3,1_3,1_3&#8243; make_equal=&#8220;on&#8220; _builder_version=&#8220;4.25.1&#8243; _module_preset=&#8220;default&#8220; global_colors_info=&#8220;{}&#8220;][et_pb_column type=&#8220;1_3&#8243; _builder_version=&#8220;4.25.1&#8243; _module_preset=&#8220;default&#8220; global_colors_info=&#8220;{}&#8220;][et_pb_blurb title=&#8220;Phone&#8220; module_class=&#8220;ai_ignore_all&#8220; _builder_version=&#8220;4.25.1&#8243; _module_preset=&#8220;203c76fc-aee0-4484-9be1-f0e2ebd81a8f&#8220; global_colors_info=&#8220;{}&#8220;]<\/p>\n<p>24\/7 Notruf: (255) 352-6258<\/p>\n<p>[\/et_pb_blurb][\/et_pb_column][et_pb_column type=&#8220;1_3&#8243; _builder_version=&#8220;4.25.1&#8243; _module_preset=&#8220;default&#8220; global_colors_info=&#8220;{}&#8220;][et_pb_blurb title=&#8220;Email&#8220; module_class=&#8220;ai_ignore_all&#8220; _builder_version=&#8220;4.25.1&#8243; _module_preset=&#8220;203c76fc-aee0-4484-9be1-f0e2ebd81a8f&#8220; locked=&#8220;off&#8220; global_colors_info=&#8220;{}&#8220;]<\/p>\n<p><a href=\"mailto:info@rieser-aufzugbau.de\">info@rieser-aufzugbau.de<\/a><\/p>\n<p>[\/et_pb_blurb][\/et_pb_column][et_pb_column type=&#8220;1_3&#8243; _builder_version=&#8220;4.25.1&#8243; _module_preset=&#8220;default&#8220; global_colors_info=&#8220;{}&#8220;][et_pb_blurb title=&#8220;Address&#8220; module_class=&#8220;ai_ignore_all&#8220; _builder_version=&#8220;4.25.1&#8243; _module_preset=&#8220;212b201d-2c34-41bd-936c-851b7357d08b&#8220; locked=&#8220;off&#8220; global_colors_info=&#8220;{}&#8220;]<\/p>\n<p>Standorte: N\u00f6rdlingen &#038; Maintal, Deutschland<\/p>\n<p>[\/et_pb_blurb][\/et_pb_column][\/et_pb_row][\/et_pb_section][et_pb_section fb_built=&#8220;1&#8243; admin_label=&#8220;Contact&#8220; _builder_version=&#8220;4.24.3&#8243; _module_preset=&#8220;default&#8220; background_color=&#8220;gcid-primary-color&#8220; locked=&#8220;off&#8220; collapsed=&#8220;on&#8220; global_colors_info=&#8220;{%22gcid-primary-color%22:%91%22background_color%22%93}&#8220;][et_pb_row column_structure=&#8220;1_2,1_2&#8243; _builder_version=&#8220;4.24.3&#8243; _module_preset=&#8220;5138c454-be54-4233-bd3b-f8e6a8747976&#8243; global_colors_info=&#8220;{}&#8220;][et_pb_column type=&#8220;1_2&#8243; _builder_version=&#8220;4.16&#8243; _module_preset=&#8220;73121f80-a3ef-4484-8763-c3f18e3c56d2&#8243; global_colors_info=&#8220;{}&#8220;][et_pb_heading title=&#8220;Kontaktieren Sie uns&#8220; _builder_version=&#8220;4.24.3&#8243; _module_preset=&#8220;c33f07d9-41e0-421a-8799-5799df695cce&#8220; title_level=&#8220;h1&#8243; title_text_color=&#8220;#FFFFFF&#8220; locked=&#8220;off&#8220; global_colors_info=&#8220;{}&#8220;][\/et_pb_heading][et_pb_blurb title=&#8220;Address&#8220; use_icon=&#8220;on&#8220; font_icon=&#8220;&#xf3c5;||fa||900&#8243; module_class=&#8220;ai_ignore_all&#8220; _builder_version=&#8220;4.24.3&#8243; _module_preset=&#8220;1d431978-603a-4044-b96b-3cc1d9396512&#8243; locked=&#8220;off&#8220; global_colors_info=&#8220;{}&#8220; image_icon_background_color__hover_enabled=&#8220;off|desktop&#8220;]<\/p>\n<p>Besuchen Sie uns in N\u00f6rdlingen:<br \/><span style=\"font-size: 16px;\">An der Lach 10<br \/>86720 N\u00f6rdlingen<\/span><\/p>\n<p>[\/et_pb_blurb][et_pb_blurb title=&#8220;Email&#8220; use_icon=&#8220;on&#8220; font_icon=&#8220;&#xf0e0;||fa||900&#8243; module_class=&#8220;ai_ignore_all&#8220; _builder_version=&#8220;4.24.3&#8243; _module_preset=&#8220;1d431978-603a-4044-b96b-3cc1d9396512&#8243; locked=&#8220;off&#8220; global_colors_info=&#8220;{}&#8220; image_icon_background_color__hover_enabled=&#8220;off|desktop&#8220;]<\/p>\n<p><a href=\"mailto:kontakt@rieser-aufzugbau.de\">info@rieser-aufzugbau.de<\/a><\/p>\n<p>[\/et_pb_blurb][\/et_pb_column][et_pb_column type=&#8220;1_2&#8243; _builder_version=&#8220;4.24.3&#8243; _module_preset=&#8220;50607da8-57bc-4d4b-aaef-f02e41c2cc4a&#8220; global_colors_info=&#8220;{}&#8220;][et_pb_contact_form captcha=&#8220;off&#8220; _builder_version=&#8220;4.24.3&#8243; _module_preset=&#8220;347de7c5-8eec-4fb2-89ad-e07c220a4ead&#8220; locked=&#8220;off&#8220; global_colors_info=&#8220;{}&#8220;][et_pb_contact_field field_id=&#8220;Name&#8220; field_title=&#8220;Name&#8220; fullwidth_field=&#8220;on&#8220; _builder_version=&#8220;4.18.0&#8243; _module_preset=&#8220;default&#8220; global_colors_info=&#8220;{}&#8220; button_text_size__hover_enabled=&#8220;off&#8220; button_one_text_size__hover_enabled=&#8220;off&#8220; button_two_text_size__hover_enabled=&#8220;off&#8220; button_text_color__hover_enabled=&#8220;off&#8220; button_one_text_color__hover_enabled=&#8220;off&#8220; button_two_text_color__hover_enabled=&#8220;off&#8220; button_border_width__hover_enabled=&#8220;off&#8220; button_one_border_width__hover_enabled=&#8220;off&#8220; button_two_border_width__hover_enabled=&#8220;off&#8220; button_border_color__hover_enabled=&#8220;off&#8220; button_one_border_color__hover_enabled=&#8220;off&#8220; button_two_border_color__hover_enabled=&#8220;off&#8220; button_border_radius__hover_enabled=&#8220;off&#8220; button_one_border_radius__hover_enabled=&#8220;off&#8220; button_two_border_radius__hover_enabled=&#8220;off&#8220; button_letter_spacing__hover_enabled=&#8220;off&#8220; button_one_letter_spacing__hover_enabled=&#8220;off&#8220; button_two_letter_spacing__hover_enabled=&#8220;off&#8220; button_bg_color__hover_enabled=&#8220;off&#8220; button_one_bg_color__hover_enabled=&#8220;off&#8220; button_two_bg_color__hover_enabled=&#8220;off&#8220;][\/et_pb_contact_field][et_pb_contact_field field_id=&#8220;Email&#8220; field_title=&#8220;Email Address&#8220; field_type=&#8220;email&#8220; fullwidth_field=&#8220;on&#8220; _builder_version=&#8220;4.18.0&#8243; _module_preset=&#8220;default&#8220; global_colors_info=&#8220;{}&#8220; button_text_size__hover_enabled=&#8220;off&#8220; button_one_text_size__hover_enabled=&#8220;off&#8220; button_two_text_size__hover_enabled=&#8220;off&#8220; button_text_color__hover_enabled=&#8220;off&#8220; button_one_text_color__hover_enabled=&#8220;off&#8220; button_two_text_color__hover_enabled=&#8220;off&#8220; button_border_width__hover_enabled=&#8220;off&#8220; button_one_border_width__hover_enabled=&#8220;off&#8220; button_two_border_width__hover_enabled=&#8220;off&#8220; button_border_color__hover_enabled=&#8220;off&#8220; button_one_border_color__hover_enabled=&#8220;off&#8220; button_two_border_color__hover_enabled=&#8220;off&#8220; button_border_radius__hover_enabled=&#8220;off&#8220; button_one_border_radius__hover_enabled=&#8220;off&#8220; button_two_border_radius__hover_enabled=&#8220;off&#8220; button_letter_spacing__hover_enabled=&#8220;off&#8220; button_one_letter_spacing__hover_enabled=&#8220;off&#8220; button_two_letter_spacing__hover_enabled=&#8220;off&#8220; button_bg_color__hover_enabled=&#8220;off&#8220; button_one_bg_color__hover_enabled=&#8220;off&#8220; button_two_bg_color__hover_enabled=&#8220;off&#8220;][\/et_pb_contact_field][et_pb_contact_field field_id=&#8220;Message&#8220; field_title=&#8220;Message&#8220; field_type=&#8220;text&#8220; fullwidth_field=&#8220;on&#8220; _builder_version=&#8220;4.16&#8243; _module_preset=&#8220;default&#8220; custom_margin=&#8220;||20px||false|false&#8220; global_colors_info=&#8220;{}&#8220; button_text_size__hover_enabled=&#8220;off&#8220; button_one_text_size__hover_enabled=&#8220;off&#8220; button_two_text_size__hover_enabled=&#8220;off&#8220; button_text_color__hover_enabled=&#8220;off&#8220; button_one_text_color__hover_enabled=&#8220;off&#8220; button_two_text_color__hover_enabled=&#8220;off&#8220; button_border_width__hover_enabled=&#8220;off&#8220; button_one_border_width__hover_enabled=&#8220;off&#8220; button_two_border_width__hover_enabled=&#8220;off&#8220; button_border_color__hover_enabled=&#8220;off&#8220; button_one_border_color__hover_enabled=&#8220;off&#8220; button_two_border_color__hover_enabled=&#8220;off&#8220; button_border_radius__hover_enabled=&#8220;off&#8220; button_one_border_radius__hover_enabled=&#8220;off&#8220; button_two_border_radius__hover_enabled=&#8220;off&#8220; button_letter_spacing__hover_enabled=&#8220;off&#8220; button_one_letter_spacing__hover_enabled=&#8220;off&#8220; button_two_letter_spacing__hover_enabled=&#8220;off&#8220; button_bg_color__hover_enabled=&#8220;off&#8220; button_one_bg_color__hover_enabled=&#8220;off&#8220; button_two_bg_color__hover_enabled=&#8220;off&#8220;][\/et_pb_contact_field][\/et_pb_contact_form][\/et_pb_column][\/et_pb_row][\/et_pb_section][et_pb_section fb_built=&#8220;1&#8243; admin_label=&#8220;Text &#038; Image&#8220; _builder_version=&#8220;4.18.0&#8243; _module_preset=&#8220;default&#8220; locked=&#8220;off&#8220; collapsed=&#8220;on&#8220; global_colors_info=&#8220;{}&#8220;][et_pb_row column_structure=&#8220;1_2,1_2&#8243; _builder_version=&#8220;4.18.0&#8243; _module_preset=&#8220;5138c454-be54-4233-bd3b-f8e6a8747976&#8243; global_colors_info=&#8220;{}&#8220;][et_pb_column type=&#8220;1_2&#8243; _builder_version=&#8220;4.18.0&#8243; _module_preset=&#8220;73121f80-a3ef-4484-8763-c3f18e3c56d2&#8243; global_colors_info=&#8220;{}&#8220;][et_pb_image src=&#8220;https:\/\/images.unsplash.com\/photo-1645915833864-9390d0e0062d?ixid=M3w1ODkyNzF8MHwxfHNlYXJjaHw1fHxjaXR5JTIwc2t5bGluZSUyMGF0JTIwZHVza3xlbnwwfDB8fHwxNzcxODAzNDI2fDA&#038;ixlib=rb-4.1.0&#038;fm=webp&#038;fit=crop&#038;crop=entropy&#038;w=1080&#038;h=600&#038;q=20&#038;dpr=2&#8243; title_text=&#8220;1080&#215;600&#8243; _builder_version=&#8220;4.23.1&#8243; _module_preset=&#8220;6ed8fd5c-62c5-4100-98c3-7b8b6d2c2ee6&#8243; locked=&#8220;off&#8220; global_colors_info=&#8220;{}&#8220;][\/et_pb_image][\/et_pb_column][et_pb_column type=&#8220;1_2&#8243; _builder_version=&#8220;4.18.0&#8243; _module_preset=&#8220;73121f80-a3ef-4484-8763-c3f18e3c56d2&#8243; custom_padding=&#8220;5%||5%||true|false&#8220; custom_padding_tablet=&#8220;0%||0%||true|false&#8220; custom_padding_phone=&#8220;0%||0%||true|false&#8220; custom_padding_last_edited=&#8220;on|desktop&#8220; global_colors_info=&#8220;{}&#8220;][et_pb_heading title=&#8220;Unsere Standorte&#8220; _builder_version=&#8220;4.24.2&#8243; _module_preset=&#8220;c33f07d9-41e0-421a-8799-5799df695cce&#8220; locked=&#8220;off&#8220; global_colors_info=&#8220;{}&#8220;][\/et_pb_heading][et_pb_text _builder_version=&#8220;4.24.2&#8243; _module_preset=&#8220;2c55a9c4-feed-423b-9edb-ae0b5b365cac&#8220; global_colors_info=&#8220;{}&#8220;]<\/p>\n<p>Besuchen Sie uns in N\u00f6rdlingen oder Maintal, um mehr \u00fcber unsere ma\u00dfgeschneiderten Aufzugl\u00f6sungen zu erfahren. Unsere Standorte sind strategisch platziert, um Ihnen den besten Service zu bieten. Nutzen Sie die interaktive Karte, um uns einfach zu finden und Ihre Anreise zu planen.<\/p>\n<p>[\/et_pb_text][et_pb_button button_text=&#8220;Standorte anzeigen&#8220; _builder_version=&#8220;4.23.1&#8243; _module_preset=&#8220;1bffc0fc-42a0-49d1-bd9a-ae3ade2d7206&#8243; global_colors_info=&#8220;{}&#8220;][\/et_pb_button][\/et_pb_column][\/et_pb_row][et_pb_row column_structure=&#8220;1_2,1_2&#8243; _builder_version=&#8220;4.23.1&#8243; _module_preset=&#8220;5138c454-be54-4233-bd3b-f8e6a8747976&#8243; global_colors_info=&#8220;{}&#8220;][et_pb_column type=&#8220;1_2&#8243; _builder_version=&#8220;4.18.0&#8243; _module_preset=&#8220;73121f80-a3ef-4484-8763-c3f18e3c56d2&#8243; custom_padding=&#8220;5%||5%||true|false&#8220; custom_padding_tablet=&#8220;0%||0%||true|false&#8220; custom_padding_phone=&#8220;0%||0%||true|false&#8220; custom_padding_last_edited=&#8220;on|desktop&#8220; global_colors_info=&#8220;{}&#8220;][et_pb_heading title=&#8220;N\u00f6rdlingen &#038; Maintal&#8220; _builder_version=&#8220;4.24.3&#8243; _module_preset=&#8220;c33f07d9-41e0-421a-8799-5799df695cce&#8220; locked=&#8220;off&#8220; global_colors_info=&#8220;{}&#8220;][\/et_pb_heading][et_pb_text _builder_version=&#8220;4.24.2&#8243; _module_preset=&#8220;2c55a9c4-feed-423b-9edb-ae0b5b365cac&#8220; global_colors_info=&#8220;{}&#8220;]<\/p>\n<p>Unsere B\u00fcros in N\u00f6rdlingen und Maintal sind mit modernster Technologie ausgestattet, um Ihnen bei der Planung und Umsetzung Ihrer Aufzugsprojekte zu helfen. Wir bieten umfassende Beratungsdienste, um sicherzustellen, dass Ihre Anforderungen erf\u00fcllt werden.<\/p>\n<p>[\/et_pb_text][et_pb_button button_text=&#8220;Mehr erfahren&#8220; _builder_version=&#8220;4.23.1&#8243; _module_preset=&#8220;1bffc0fc-42a0-49d1-bd9a-ae3ade2d7206&#8243; global_colors_info=&#8220;{}&#8220;][\/et_pb_button][\/et_pb_column][et_pb_column type=&#8220;1_2&#8243; _builder_version=&#8220;4.18.0&#8243; _module_preset=&#8220;73121f80-a3ef-4484-8763-c3f18e3c56d2&#8243; global_colors_info=&#8220;{}&#8220;][et_pb_image src=&#8220;https:\/\/images.unsplash.com\/photo-1760425064534-1f731edb28ee?ixid=M3w1ODkyNzF8MHwxfHNlYXJjaHw1fHxlbGV2YXRvciUyMGludGVyaW9yJTIwZGVzaWdufGVufDB8MHx8fDE3NzE4MDM0MjZ8MA&#038;ixlib=rb-4.1.0&#038;fm=webp&#038;fit=crop&#038;crop=entropy&#038;w=1080&#038;h=600&#038;q=20&#038;dpr=2&#8243; title_text=&#8220;1080&#215;600&#8243; _builder_version=&#8220;4.23.1&#8243; _module_preset=&#8220;6ed8fd5c-62c5-4100-98c3-7b8b6d2c2ee6&#8243; locked=&#8220;off&#8220; global_colors_info=&#8220;{}&#8220;][\/et_pb_image][\/et_pb_column][\/et_pb_row][\/et_pb_section][et_pb_section fb_built=&#8220;1&#8243; admin_label=&#8220;Call to Action&#8220; _builder_version=&#8220;4.23.1&#8243; _module_preset=&#8220;default&#8220; locked=&#8220;off&#8220; collapsed=&#8220;on&#8220; global_colors_info=&#8220;{}&#8220;][et_pb_row _builder_version=&#8220;4.24.3&#8243; _module_preset=&#8220;5138c454-be54-4233-bd3b-f8e6a8747976&#8243; global_colors_info=&#8220;{}&#8220;][et_pb_column type=&#8220;4_4&#8243; _builder_version=&#8220;4.24.3&#8243; _module_preset=&#8220;73121f80-a3ef-4484-8763-c3f18e3c56d2&#8243; global_colors_info=&#8220;{}&#8220;][et_pb_cta title=&#8220;24\/7 Notruf-Service&#8220; button_url=&#8220;#&#8220; button_text=&#8220;Jetzt anrufen&#8220; _builder_version=&#8220;4.24.3&#8243; _module_preset=&#8220;0cae81ab-7223-4b50-8e71-bfb309c58c86&#8243; background_enable_color=&#8220;off&#8220; use_background_color_gradient=&#8220;on&#8220; background_color_gradient_stops=&#8220;rgba(0,0,0,0.75) 0%|rgba(0,0,0,0.75) 100%&#8220; background_color_gradient_overlays_image=&#8220;on&#8220; background_image=&#8220;https:\/\/images.unsplash.com\/photo-1634314366129-ffcd8b2934a7?ixid=M3w1ODkyNzF8MHwxfHNlYXJjaHw4fHxlbWVyZ2VuY3klMjBzZXJ2aWNlJTIwY2FsbHxlbnwwfDB8fHwxNzcxODAzNDI2fDA&#038;ixlib=rb-4.1.0&#038;fm=webp&#038;fit=crop&#038;crop=entropy&#038;w=1080&#038;h=600&#038;q=20&#038;dpr=2&#8243; custom_padding=&#8220;5vw|60px|5vw|60px|true|true&#8220; custom_padding_tablet=&#8220;|30px||30px|true|true&#8220; custom_padding_phone=&#8220;|20px||20px|true|true&#8220; custom_padding_last_edited=&#8220;on|desktop&#8220; locked=&#8220;off&#8220; global_colors_info=&#8220;{}&#8220; text_font_size_tablet=&#8220;16px&#8220; text_font_size_phone=&#8220;14px&#8220; text_font_size_last_edited=&#8220;on|phone&#8220;]<\/p>\n<p>Im Notfall sind wir rund um die Uhr f\u00fcr Sie da. Unser engagiertes Team steht bereit, um Ihnen schnell und effizient zu helfen. Z\u00f6gern Sie nicht, uns jederzeit zu kontaktieren, um sofortige Unterst\u00fctzung zu erhalten.<\/p>\n<p>[\/et_pb_cta][\/et_pb_column][\/et_pb_row][\/et_pb_section][et_pb_section fb_built=&#8220;1&#8243; admin_label=&#8220;Call to Action&#8220; _builder_version=&#8220;4.23.1&#8243; _module_preset=&#8220;default&#8220; locked=&#8220;off&#8220; collapsed=&#8220;on&#8220; global_colors_info=&#8220;{}&#8220;][et_pb_row _builder_version=&#8220;4.18.0&#8243; _module_preset=&#8220;5138c454-be54-4233-bd3b-f8e6a8747976&#8243; global_colors_info=&#8220;{}&#8220;][et_pb_column type=&#8220;4_4&#8243; _builder_version=&#8220;4.17.6&#8243; _module_preset=&#8220;73121f80-a3ef-4484-8763-c3f18e3c56d2&#8243; global_colors_info=&#8220;{}&#8220;][et_pb_cta title=&#8220;Kontaktieren Sie uns&#8220; button_url=&#8220;#&#8220; button_text=&#8220;Kontaktformular \u00f6ffnen&#8220; _builder_version=&#8220;4.24.3&#8243; _module_preset=&#8220;be0cc754-576a-4b1c-868d-f6226f85de4d&#8220; header_text_align=&#8220;left&#8220; body_text_align=&#8220;left&#8220; button_alignment=&#8220;left&#8220; locked=&#8220;off&#8220; global_colors_info=&#8220;{%22gcid-828accbb-1ed2-407d-95be-20ab4e191566%22:%91%22border_color_all%22%93,%22gcid-heading-color%22:%91%22header_text_color%22%93,%22gcid-body-color%22:%91%22body_text_color%22%93,%22gcid-f2943306-fa6c-45f0-b632-5fc00151366a%22:%91%22button_text_color%22,%22button_text_color%22%93,%22gcid-36fd78a7-34bc-404d-873c-dafa34efaae5%22:%91%22button_text_color%22,%22button_text_color%22,%22button_text_color%22%93}&#8220; text_font_size_tablet=&#8220;16px&#8220; text_font_size_phone=&#8220;14px&#8220; text_font_size_last_edited=&#8220;on|phone&#8220;]<\/p>\n<p>Haben Sie Fragen zu unseren Dienstleistungen oder ben\u00f6tigen Sie eine individuelle Beratung? Unser Team freut sich darauf, Ihnen weiterzuhelfen. Nutzen Sie unser Kontaktformular, um uns Ihre Anfrage zu senden. Wir werden uns umgehend bei Ihnen melden.<\/p>\n<p>[\/et_pb_cta][\/et_pb_column][\/et_pb_row][\/et_pb_section]<\/p>\n","protected":false},"excerpt":{"rendered":"<p>Entdecken Sie unsere spezialisierten Dienstleistungen f\u00fcr B\u00fcrogeb\u00e4ude, Industrieanlagen und Modernisierungsprojekte. Lassen Sie sich von unseren Experten beraten und finden Sie die perfekte L\u00f6sung f\u00fcr Ihre Anforderungen.24\/7 Notruf: (255) 352-6258info@rieser-aufzugbau.deStandorte: N\u00f6rdlingen &#038; Maintal, DeutschlandBesuchen Sie uns in N\u00f6rdlingen:An der Lach 1086720 N\u00f6rdlingeninfo@rieser-aufzugbau.deBesuchen Sie uns in N\u00f6rdlingen oder Maintal, um mehr \u00fcber unsere ma\u00dfgeschneiderten Aufzugl\u00f6sungen zu erfahren. [&hellip;]<\/p>\n","protected":false},"author":1,"featured_media":0,"parent":0,"menu_order":0,"comment_status":"closed","ping_status":"closed","template":"","meta":{"_et_pb_use_builder":"on","_et_pb_old_content":"","_et_gb_content_width":"","footnotes":""},"class_list":["post-276","page","type-page","status-publish","hentry"],"_links":{"self":[{"href":"https:\/\/rieser-aufzugbau.de\/index.php\/wp-json\/wp\/v2\/pages\/276","targetHints":{"allow":["GET"]}}],"collection":[{"href":"https:\/\/rieser-aufzugbau.de\/index.php\/wp-json\/wp\/v2\/pages"}],"about":[{"href":"https:\/\/rieser-aufzugbau.de\/index.php\/wp-json\/wp\/v2\/types\/page"}],"author":[{"embeddable":true,"href":"https:\/\/rieser-aufzugbau.de\/index.php\/wp-json\/wp\/v2\/users\/1"}],"replies":[{"embeddable":true,"href":"https:\/\/rieser-aufzugbau.de\/index.php\/wp-json\/wp\/v2\/comments?post=276"}],"version-history":[{"count":2,"href":"https:\/\/rieser-aufzugbau.de\/index.php\/wp-json\/wp\/v2\/pages\/276\/revisions"}],"predecessor-version":[{"id":394,"href":"https:\/\/rieser-aufzugbau.de\/index.php\/wp-json\/wp\/v2\/pages\/276\/revisions\/394"}],"wp:attachment":[{"href":"https:\/\/rieser-aufzugbau.de\/index.php\/wp-json\/wp\/v2\/media?parent=276"}],"curies":[{"name":"wp","href":"https:\/\/api.w.org\/{rel}","templated":true}]}}